{"id":191,"date":"2022-07-21T14:20:31","date_gmt":"2022-07-21T14:20:31","guid":{"rendered":"https:\/\/mehmetakbulut.net\/?page_id=191"},"modified":"2024-07-10T18:54:43","modified_gmt":"2024-07-10T18:54:43","slug":"hakkinda","status":"publish","type":"page","link":"https:\/\/mehmetakbulut.net\/index.php\/hakkinda\/","title":{"rendered":"Hakk\u0131nda"},"content":{"rendered":"\t\t<div data-elementor-type=\"wp-page\" data-elementor-id=\"191\" class=\"elementor elementor-191\">\n\t\t\t\t\t\t\t\t\t<section class=\"elementor-section elementor-top-section elementor-element elementor-element-537f974d elementor-section-content-middle elementor-section-boxed elementor-section-height-default elementor-section-height-default\" data-id=\"537f974d\" data-element_type=\"section\">\n\t\t\t\t\t\t<div class=\"elementor-container elementor-column-gap-no\">\n\t\t\t\t\t<div class=\"elementor-column elementor-col-50 elementor-top-column elementor-element elementor-element-1c696d8e\" data-id=\"1c696d8e\" data-element_type=\"column\">\n\t\t\t<div class=\"elementor-widget-wrap elementor-element-populated\">\n\t\t\t\t\t\t\t\t<div class=\"elementor-element elementor-element-26401f0e elementor-widget elementor-widget-image\" data-id=\"26401f0e\" data-element_type=\"widget\" data-widget_type=\"image.default\">\n\t\t\t\t<div class=\"elementor-widget-container\">\n\t\t\t<style>\/*! elementor - v3.13.3 - 28-05-2023 *\/\n.elementor-widget-image{text-align:center}.elementor-widget-image a{display:inline-block}.elementor-widget-image a img[src$=\".svg\"]{width:48px}.elementor-widget-image img{vertical-align:middle;display:inline-block}<\/style>\t\t\t\t\t\t\t\t\t\t\t\t<img loading=\"lazy\" decoding=\"async\" width=\"590\" height=\"400\" src=\"https:\/\/mehmetakbulut.net\/wp-content\/uploads\/2022\/07\/qr2.jpg\" class=\"attachment-full size-full wp-image-194\" alt=\"\" srcset=\"https:\/\/mehmetakbulut.net\/wp-content\/uploads\/2022\/07\/qr2.jpg 590w, https:\/\/mehmetakbulut.net\/wp-content\/uploads\/2022\/07\/qr2-300x203.jpg 300w\" sizes=\"(max-width: 590px) 100vw, 590px\" \/>\t\t\t\t\t\t\t\t\t\t\t\t\t\t\t<\/div>\n\t\t\t\t<\/div>\n\t\t\t\t\t<\/div>\n\t\t<\/div>\n\t\t\t\t<div class=\"elementor-column elementor-col-50 elementor-top-column elementor-element elementor-element-5cbc11e6\" data-id=\"5cbc11e6\" data-element_type=\"column\">\n\t\t\t<div class=\"elementor-widget-wrap elementor-element-populated\">\n\t\t\t\t\t\t\t\t<div class=\"elementor-element elementor-element-6b53ab67 elementor-widget elementor-widget-heading\" data-id=\"6b53ab67\" data-element_type=\"widget\" data-widget_type=\"heading.default\">\n\t\t\t\t<div class=\"elementor-widget-container\">\n\t\t\t<style>\/*! elementor - v3.13.3 - 28-05-2023 *\/\n.elementor-heading-title{padding:0;margin:0;line-height:1}.elementor-widget-heading .elementor-heading-title[class*=elementor-size-]>a{color:inherit;font-size:inherit;line-height:inherit}.elementor-widget-heading .elementor-heading-title.elementor-size-small{font-size:15px}.elementor-widget-heading .elementor-heading-title.elementor-size-medium{font-size:19px}.elementor-widget-heading .elementor-heading-title.elementor-size-large{font-size:29px}.elementor-widget-heading .elementor-heading-title.elementor-size-xl{font-size:39px}.elementor-widget-heading .elementor-heading-title.elementor-size-xxl{font-size:59px}<\/style><h4 class=\"elementor-heading-title elementor-size-default\">Hakk\u0131m\u0131zda<\/h4>\t\t<\/div>\n\t\t\t\t<\/div>\n\t\t\t\t<div class=\"elementor-element elementor-element-624a4a77 elementor-widget elementor-widget-text-editor\" data-id=\"624a4a77\" data-element_type=\"widget\" data-widget_type=\"text-editor.default\">\n\t\t\t\t<div class=\"elementor-widget-container\">\n\t\t\t<style>\/*! elementor - v3.13.3 - 28-05-2023 *\/\n.elementor-widget-text-editor.elementor-drop-cap-view-stacked .elementor-drop-cap{background-color:#69727d;color:#fff}.elementor-widget-text-editor.elementor-drop-cap-view-framed .elementor-drop-cap{color:#69727d;border:3px solid;background-color:transparent}.elementor-widget-text-editor:not(.elementor-drop-cap-view-default) .elementor-drop-cap{margin-top:8px}.elementor-widget-text-editor:not(.elementor-drop-cap-view-default) .elementor-drop-cap-letter{width:1em;height:1em}.elementor-widget-text-editor .elementor-drop-cap{float:left;text-align:center;line-height:1;font-size:50px}.elementor-widget-text-editor .elementor-drop-cap-letter{display:inline-block}<\/style>\t\t\t\t<p><span style=\"font-family: montserrat, sans-serif; font-size: 16px; letter-spacing: 0.64px; text-align: justify;\">Mehmet Akbulut Dijital Pazarlama ve Reklam Dan\u0131\u015fmanl\u0131\u011f\u0131 Ajans\u0131 Olarak Amac\u0131m\u0131z Markalar\u0131n dijital potansiyelini ke\u015ffederek, yarat\u0131c\u0131 \u00e7\u00f6z\u00fcmler ve stratejiler ile onlar\u0131 dijital d\u00fcnyada \u00f6ne \u00e7\u0131karmak ve etkili ileti\u015fim sa\u011flamak. M\u00fc\u015fteri odakl\u0131 yakla\u015f\u0131m\u0131m\u0131zla her bir i\u015f orta\u011f\u0131m\u0131za \u00f6zg\u00fcn ve de\u011fer katmay\u0131 ama\u00e7l\u0131yoruz. Dijital pazarlaman\u0131n dinamik d\u00fcnyas\u0131nda markalar\u0131n b\u00fcy\u00fcmesine destek olurken, her a\u015famada ba\u015far\u0131lar\u0131n\u0131 payla\u015fmak ve gelece\u011fe ta\u015f\u0131mak i\u00e7in buraday\u0131z.<\/span><\/p>\t\t\t\t\t\t<\/div>\n\t\t\t\t<\/div>\n\t\t\t\t\t<\/div>\n\t\t<\/div>\n\t\t\t\t\t\t\t<\/div>\n\t\t<\/section>\n\t\t\t\t\t\t\t<\/div>\n\t\t","protected":false},"excerpt":{"rendered":"<p>Hakk\u0131m\u0131zda Mehmet Akbulut Dijital Pazarlama ve Reklam Dan\u0131\u015fmanl\u0131\u011f\u0131 Ajans\u0131 Olarak Amac\u0131m\u0131z Markalar\u0131n dijital potansiyelini ke\u015ffederek, yarat\u0131c\u0131 \u00e7\u00f6z\u00fcmler ve stratejiler ile onlar\u0131 dijital d\u00fcnyada \u00f6ne \u00e7\u0131karmak ve etkili ileti\u015fim sa\u011flamak. M\u00fc\u015fteri odakl\u0131 yakla\u015f\u0131m\u0131m\u0131zla her bir i\u015f orta\u011f\u0131m\u0131za \u00f6zg\u00fcn ve de\u011fer katmay\u0131 ama\u00e7l\u0131yoruz. Dijital pazarlaman\u0131n dinamik d\u00fcnyas\u0131nda markalar\u0131n b\u00fcy\u00fcmesine destek olurken, her a\u015famada ba\u015far\u0131lar\u0131n\u0131 payla\u015fmak ve gelece\u011fe ta\u015f\u0131mak i\u00e7in buraday\u0131z.<\/p>\n","protected":false},"author":1,"featured_media":0,"parent":0,"menu_order":0,"comment_status":"closed","ping_status":"closed","template":"elementor_header_footer","meta":{"om_disable_all_campaigns":false,"_monsterinsights_skip_tracking":false,"_monsterinsights_sitenote_active":false,"_monsterinsights_sitenote_note":"","_monsterinsights_sitenote_category":0,"footnotes":""},"class_list":["post-191","page","type-page","status-publish","hentry"],"_links":{"self":[{"href":"https:\/\/mehmetakbulut.net\/index.php\/wp-json\/wp\/v2\/pages\/191"}],"collection":[{"href":"https:\/\/mehmetakbulut.net\/index.php\/wp-json\/wp\/v2\/pages"}],"about":[{"href":"https:\/\/mehmetakbulut.net\/index.php\/wp-json\/wp\/v2\/types\/page"}],"author":[{"embeddable":true,"href":"https:\/\/mehmetakbulut.net\/index.php\/wp-json\/wp\/v2\/users\/1"}],"replies":[{"embeddable":true,"href":"https:\/\/mehmetakbulut.net\/index.php\/wp-json\/wp\/v2\/comments?post=191"}],"version-history":[{"count":8,"href":"https:\/\/mehmetakbulut.net\/index.php\/wp-json\/wp\/v2\/pages\/191\/revisions"}],"predecessor-version":[{"id":516,"href":"https:\/\/mehmetakbulut.net\/index.php\/wp-json\/wp\/v2\/pages\/191\/revisions\/516"}],"wp:attachment":[{"href":"https:\/\/mehmetakbulut.net\/index.php\/wp-json\/wp\/v2\/media?parent=191"}],"curies":[{"name":"wp","href":"https:\/\/api.w.org\/{rel}","templated":true}]}}