{"id":199,"date":"2022-07-21T14:26:44","date_gmt":"2022-07-21T14:26:44","guid":{"rendered":"https:\/\/mehmetakbulut.net\/?page_id=199"},"modified":"2022-07-21T14:33:28","modified_gmt":"2022-07-21T14:33:28","slug":"web-tasarim","status":"publish","type":"page","link":"https:\/\/mehmetakbulut.net\/index.php\/web-tasarim\/","title":{"rendered":"Web Tasar\u0131m"},"content":{"rendered":"\t\t<div data-elementor-type=\"wp-page\" data-elementor-id=\"199\" class=\"elementor elementor-199\">\n\t\t\t\t\t\t\t\t\t<section class=\"elementor-section elementor-top-section elementor-element elementor-element-761129a0 elementor-section-content-middle elementor-section-boxed elementor-section-height-default elementor-section-height-default\" data-id=\"761129a0\" data-element_type=\"section\">\n\t\t\t\t\t\t<div class=\"elementor-container elementor-column-gap-no\">\n\t\t\t\t\t<div class=\"elementor-column elementor-col-100 elementor-top-column elementor-element elementor-element-34fec1a7\" data-id=\"34fec1a7\" data-element_type=\"column\">\n\t\t\t<div class=\"elementor-widget-wrap elementor-element-populated\">\n\t\t\t\t\t\t\t\t<div class=\"elementor-element elementor-element-30d62d61 elementor-widget elementor-widget-image\" data-id=\"30d62d61\" data-element_type=\"widget\" data-widget_type=\"image.default\">\n\t\t\t\t<div class=\"elementor-widget-container\">\n\t\t\t<style>\/*! elementor - v3.13.3 - 28-05-2023 *\/\n.elementor-widget-image{text-align:center}.elementor-widget-image a{display:inline-block}.elementor-widget-image a img[src$=\".svg\"]{width:48px}.elementor-widget-image img{vertical-align:middle;display:inline-block}<\/style>\t\t\t\t\t\t\t\t\t\t\t\t<img loading=\"lazy\" decoding=\"async\" width=\"718\" height=\"429\" src=\"https:\/\/mehmetakbulut.net\/wp-content\/uploads\/2022\/07\/site-uyumlu.jpg\" class=\"attachment-full size-full wp-image-202\" alt=\"\" srcset=\"https:\/\/mehmetakbulut.net\/wp-content\/uploads\/2022\/07\/site-uyumlu.jpg 718w, https:\/\/mehmetakbulut.net\/wp-content\/uploads\/2022\/07\/site-uyumlu-300x179.jpg 300w\" sizes=\"(max-width: 718px) 100vw, 718px\" \/>\t\t\t\t\t\t\t\t\t\t\t\t\t\t\t<\/div>\n\t\t\t\t<\/div>\n\t\t\t\t<div class=\"elementor-element elementor-element-42105268 elementor-widget elementor-widget-heading\" data-id=\"42105268\" data-element_type=\"widget\" data-widget_type=\"heading.default\">\n\t\t\t\t<div class=\"elementor-widget-container\">\n\t\t\t<style>\/*! elementor - v3.13.3 - 28-05-2023 *\/\n.elementor-heading-title{padding:0;margin:0;line-height:1}.elementor-widget-heading .elementor-heading-title[class*=elementor-size-]>a{color:inherit;font-size:inherit;line-height:inherit}.elementor-widget-heading .elementor-heading-title.elementor-size-small{font-size:15px}.elementor-widget-heading .elementor-heading-title.elementor-size-medium{font-size:19px}.elementor-widget-heading .elementor-heading-title.elementor-size-large{font-size:29px}.elementor-widget-heading .elementor-heading-title.elementor-size-xl{font-size:39px}.elementor-widget-heading .elementor-heading-title.elementor-size-xxl{font-size:59px}<\/style><h3 class=\"elementor-heading-title elementor-size-default\">Web Tasar\u0131m<\/h3>\t\t<\/div>\n\t\t\t\t<\/div>\n\t\t\t\t<div class=\"elementor-element elementor-element-6d2efbff elementor-widget elementor-widget-text-editor\" data-id=\"6d2efbff\" data-element_type=\"widget\" data-widget_type=\"text-editor.default\">\n\t\t\t\t<div class=\"elementor-widget-container\">\n\t\t\t<style>\/*! elementor - v3.13.3 - 28-05-2023 *\/\n.elementor-widget-text-editor.elementor-drop-cap-view-stacked .elementor-drop-cap{background-color:#69727d;color:#fff}.elementor-widget-text-editor.elementor-drop-cap-view-framed .elementor-drop-cap{color:#69727d;border:3px solid;background-color:transparent}.elementor-widget-text-editor:not(.elementor-drop-cap-view-default) .elementor-drop-cap{margin-top:8px}.elementor-widget-text-editor:not(.elementor-drop-cap-view-default) .elementor-drop-cap-letter{width:1em;height:1em}.elementor-widget-text-editor .elementor-drop-cap{float:left;text-align:center;line-height:1;font-size:50px}.elementor-widget-text-editor .elementor-drop-cap-letter{display:inline-block}<\/style>\t\t\t\t<h3><span style=\"font-size: 16px;\">Mehmet Akbulut Dijital Pazarlama ve Reklam Dan\u0131\u015fmanl\u0131\u011f\u0131 \u00a0<\/span><strong style=\"font-size: 16px;\">web tasar\u0131m<\/strong><span style=\"font-size: 16px;\">\u00a0konusunda uzman ve deneyim kadrosuyla sizlere web tasar\u0131m, yaz\u0131l\u0131m ve tasar\u0131m hizmeti sunmaktad\u0131r.<\/span><\/h3>\t\t\t\t\t\t<\/div>\n\t\t\t\t<\/div>\n\t\t\t\t<section class=\"elementor-section elementor-inner-section elementor-element elementor-element-2d2b5b70 elementor-section-boxed elementor-section-height-default elementor-section-height-default\" data-id=\"2d2b5b70\" data-element_type=\"section\">\n\t\t\t\t\t\t<div class=\"elementor-container elementor-column-gap-default\">\n\t\t\t\t\t<div class=\"elementor-column elementor-col-50 elementor-inner-column elementor-element elementor-element-6f3ed74c\" data-id=\"6f3ed74c\" data-element_type=\"column\">\n\t\t\t<div class=\"elementor-widget-wrap elementor-element-populated\">\n\t\t\t\t\t\t\t\t<div class=\"elementor-element elementor-element-3da8810d elementor-widget elementor-widget-text-editor\" data-id=\"3da8810d\" data-element_type=\"widget\" data-widget_type=\"text-editor.default\">\n\t\t\t\t<div class=\"elementor-widget-container\">\n\t\t\t\t\t\t\t<div class=\"blog-header\"><h3><strong style=\"font-size: 16px;\">G\u00fc\u00e7l\u00fc Tasar\u0131m \/ Grafik<\/strong><\/h3><\/div><div class=\"blog-desc\"><p>Web tasar\u0131m\u0131 hizmetimiz, internet pazar\u0131ndaki i\u015finizin ya da markan\u0131z\u0131n imaj\u0131n\u0131 yeniden ke\u015ffetmenize ve do\u011fru \u015fekilde lanse etmenize yard\u0131mc\u0131 olacak. Sizler i\u00e7in sunaca\u011f\u0131m\u0131z tasar\u0131m ve teknolojinin harmanlanmas\u0131, uzmanl\u0131\u011f\u0131m\u0131zla ba\u011flant\u0131l\u0131 olarak i\u015fletmenizin dijital d\u00fcnyada bir \u00e7ok alanda ba\u015far\u0131l\u0131 olmas\u0131n\u0131 sa\u011flayacakt\u0131r.<\/p><p>Web sitenizde kullanaca\u011f\u0131m\u0131z banner tasar\u0131mlar\u0131, kampanya g\u00f6rselleri gibi alg\u0131sal g\u00fcc\u00fcm\u00fcz\u00fc artt\u0131racak her nesne uzman kadromuz taraf\u0131ndan b\u00fcy\u00fck bir titizlik ile analiz edilerek olu\u015fturulmaktad\u0131r.<\/p><p><strong>Google Seo Uyumlu Yaz\u0131l\u0131m<\/strong><\/p><p>Google\u2019da var olmayan bir sitenin bizim i\u00e7in hi\u00e7bir anlam\u0131 yok! Bu y\u00fczden projenin en ba\u015f\u0131ndan itibaren bizim i\u00e7in b\u00fcy\u00fck \u00f6nem ta\u015f\u0131yan noktalar\u0131n ba\u015f\u0131nda Google\u2019da iyi bir s\u0131ralama kazanmas\u0131. Bu y\u00fczden gerek kodlama gerek i\u00e7erik olarak t\u00fcm detaylar b\u00fcy\u00fck bir titizlikle olu\u015fturulmaktad\u0131r.<\/p><p>Web sitesinin t\u00fcm arama motoru kay\u0131tlar\u0131 ( Google, Yandex, Bing vb. ) taraf\u0131m\u0131zdan yap\u0131lmakta ve takip edilmektedir.<\/p><p>Bizim i\u00e7in en \u00f6nemli konulardan biri de sizleri do\u011fru y\u00f6nlendirebilmek. Bu sebepten dolay\u0131 web sitenizin daha \u00fcst s\u0131ralarda yer almas\u0131 i\u00e7in yap\u0131lmas\u0131 gerekenler hakk\u0131nda sizi detayl\u0131 bilgilendirip dan\u0131\u015fmanl\u0131k sa\u011flayacak SEO uzmanlar\u0131m\u0131z mevcut.<\/p><\/div>\t\t\t\t\t\t<\/div>\n\t\t\t\t<\/div>\n\t\t\t\t\t<\/div>\n\t\t<\/div>\n\t\t\t\t<div class=\"elementor-column elementor-col-50 elementor-inner-column elementor-element elementor-element-2ddc14be\" data-id=\"2ddc14be\" data-element_type=\"column\">\n\t\t\t<div class=\"elementor-widget-wrap elementor-element-populated\">\n\t\t\t\t\t\t\t\t<div class=\"elementor-element elementor-element-62bf06da elementor-widget elementor-widget-text-editor\" data-id=\"62bf06da\" data-element_type=\"widget\" data-widget_type=\"text-editor.default\">\n\t\t\t\t<div class=\"elementor-widget-container\">\n\t\t\t\t\t\t\t<p><strong>T\u00fcm Cihazlarla Uyumlu (Responsive Web Tasar\u0131m)<\/strong><\/p><p>D\u00fcnya genelinde de T\u00fcrkiye\u2019de de web sitesi trafiklerinin %80 kadar\u0131 mobil cihazlardan\u2026 Bu demek oluyor ki bir sitenin mobil cihazlarla uyumlu olmas\u0131 gerekti\u011fi ka\u00e7\u0131n\u0131lamaz bir ger\u00e7ek.<\/p><p>Kullan\u0131c\u0131lar\u0131n %95\u2019i giri\u015f yapt\u0131klar\u0131 web sitelerinin mobil uyumlu olmamas\u0131 durumunda, ilk saniyede sayfalardan \u00e7\u0131k\u0131\u015f yapt\u0131klar\u0131 belirtilmektedir.<\/p><p>Yapt\u0131\u011f\u0131m\u0131z t\u00fcm web tasar\u0131mlar\u0131, t\u00fcm cihazlarla uyumluluk g\u00f6stermektedir. Kullan\u0131c\u0131lar\u0131n\u0131z\u0131n sayfan\u0131zda rahatl\u0131kla gezinmelerini sa\u011flamak bizim i\u00e7in \u00f6nemli. Bu y\u00fczden sayfa ge\u00e7i\u015fleri, i\u00e7eriklerin izlenmesinde responsive yakla\u015f\u0131m\u0131n\u0131 asla kaybetmiyoruz.<\/p><p>\u0130nternet sitesini m\u00fc\u015fterilerimizin istekleri do\u011frultusunda tasarlay\u0131p, m\u00fc\u015fterinin hayalindeki internet sitesini olu\u015fturmaktay\u0131z. Kurumsal internet sitesi olu\u015ftururken firman\u0131n kurumsal renkleri ve kurumsal \u00e7al\u0131\u015fmalar\u0131 dikkate al\u0131narak haz\u0131rlanmaktad\u0131r.<\/p><p>Web Tasar\u0131m Hizmeti ve daha fazlas\u0131 i\u00e7in bizimle\u00a0<strong><a href=\"..\/iletisim\/index.htm\">ileti\u015fim<\/a><\/strong>\u00a0formun \u00fczerinden veya\u00a0<strong>0530 543 03 58<\/strong>\u00a0telefon numaras\u0131 \u00fczerinden ileti\u015fime ge\u00e7ebilirsiniz.<\/p>\t\t\t\t\t\t<\/div>\n\t\t\t\t<\/div>\n\t\t\t\t\t<\/div>\n\t\t<\/div>\n\t\t\t\t\t\t\t<\/div>\n\t\t<\/section>\n\t\t\t\t\t<\/div>\n\t\t<\/div>\n\t\t\t\t\t\t\t<\/div>\n\t\t<\/section>\n\t\t\t\t\t\t\t<\/div>\n\t\t","protected":false},"excerpt":{"rendered":"<p>Web Tasar\u0131m Mehmet Akbulut Dijital Pazarlama ve Reklam Dan\u0131\u015fmanl\u0131\u011f\u0131 \u00a0web tasar\u0131m\u00a0konusunda uzman ve deneyim kadrosuyla sizlere web tasar\u0131m, yaz\u0131l\u0131m ve tasar\u0131m hizmeti sunmaktad\u0131r. G\u00fc\u00e7l\u00fc Tasar\u0131m \/ Grafik Web tasar\u0131m\u0131 hizmetimiz, internet pazar\u0131ndaki i\u015finizin ya da markan\u0131z\u0131n imaj\u0131n\u0131 yeniden ke\u015ffetmenize ve do\u011fru \u015fekilde lanse etmenize yard\u0131mc\u0131 olacak. Sizler i\u00e7in sunaca\u011f\u0131m\u0131z tasar\u0131m ve teknolojinin harmanlanmas\u0131, uzmanl\u0131\u011f\u0131m\u0131zla ba\u011flant\u0131l\u0131 olarak i\u015fletmenizin dijital d\u00fcnyada bir&#8230;<\/p>\n","protected":false},"author":1,"featured_media":0,"parent":0,"menu_order":0,"comment_status":"closed","ping_status":"closed","template":"elementor_header_footer","meta":{"om_disable_all_campaigns":false,"_monsterinsights_skip_tracking":false,"_monsterinsights_sitenote_active":false,"_monsterinsights_sitenote_note":"","_monsterinsights_sitenote_category":0,"footnotes":""},"class_list":["post-199","page","type-page","status-publish","hentry"],"_links":{"self":[{"href":"https:\/\/mehmetakbulut.net\/index.php\/wp-json\/wp\/v2\/pages\/199"}],"collection":[{"href":"https:\/\/mehmetakbulut.net\/index.php\/wp-json\/wp\/v2\/pages"}],"about":[{"href":"https:\/\/mehmetakbulut.net\/index.php\/wp-json\/wp\/v2\/types\/page"}],"author":[{"embeddable":true,"href":"https:\/\/mehmetakbulut.net\/index.php\/wp-json\/wp\/v2\/users\/1"}],"replies":[{"embeddable":true,"href":"https:\/\/mehmetakbulut.net\/index.php\/wp-json\/wp\/v2\/comments?post=199"}],"version-history":[{"count":8,"href":"https:\/\/mehmetakbulut.net\/index.php\/wp-json\/wp\/v2\/pages\/199\/revisions"}],"predecessor-version":[{"id":499,"href":"https:\/\/mehmetakbulut.net\/index.php\/wp-json\/wp\/v2\/pages\/199\/revisions\/499"}],"wp:attachment":[{"href":"https:\/\/mehmetakbulut.net\/index.php\/wp-json\/wp\/v2\/media?parent=199"}],"curies":[{"name":"wp","href":"https:\/\/api.w.org\/{rel}","templated":true}]}}