{"id":210,"date":"2022-07-21T14:34:19","date_gmt":"2022-07-21T14:34:19","guid":{"rendered":"https:\/\/mehmetakbulut.net\/?page_id=210"},"modified":"2022-07-21T14:39:24","modified_gmt":"2022-07-21T14:39:24","slug":"sosyal-medya-yonetimi","status":"publish","type":"page","link":"https:\/\/mehmetakbulut.net\/index.php\/sosyal-medya-yonetimi\/","title":{"rendered":"Sosyal Medya Y\u00f6netimi"},"content":{"rendered":"\t\t<div data-elementor-type=\"wp-page\" data-elementor-id=\"210\" class=\"elementor elementor-210\">\n\t\t\t\t\t\t\t\t\t<section class=\"elementor-section elementor-top-section elementor-element elementor-element-2c4bd373 elementor-section-content-middle elementor-section-boxed elementor-section-height-default elementor-section-height-default\" data-id=\"2c4bd373\" data-element_type=\"section\">\n\t\t\t\t\t\t<div class=\"elementor-container elementor-column-gap-no\">\n\t\t\t\t\t<div class=\"elementor-column elementor-col-100 elementor-top-column elementor-element elementor-element-7a3f4ed5\" data-id=\"7a3f4ed5\" data-element_type=\"column\">\n\t\t\t<div class=\"elementor-widget-wrap elementor-element-populated\">\n\t\t\t\t\t\t\t\t<div class=\"elementor-element elementor-element-5c7b2d4c elementor-widget elementor-widget-image\" data-id=\"5c7b2d4c\" data-element_type=\"widget\" data-widget_type=\"image.default\">\n\t\t\t\t<div class=\"elementor-widget-container\">\n\t\t\t<style>\/*! elementor - v3.13.3 - 28-05-2023 *\/\n.elementor-widget-image{text-align:center}.elementor-widget-image a{display:inline-block}.elementor-widget-image a img[src$=\".svg\"]{width:48px}.elementor-widget-image img{vertical-align:middle;display:inline-block}<\/style>\t\t\t\t\t\t\t\t\t\t\t\t<img loading=\"lazy\" decoding=\"async\" width=\"1536\" height=\"1024\" src=\"https:\/\/mehmetakbulut.net\/wp-content\/uploads\/2022\/07\/sm-manage.jpg\" class=\"attachment-full size-full wp-image-213\" alt=\"\" srcset=\"https:\/\/mehmetakbulut.net\/wp-content\/uploads\/2022\/07\/sm-manage.jpg 1536w, https:\/\/mehmetakbulut.net\/wp-content\/uploads\/2022\/07\/sm-manage-300x200.jpg 300w, https:\/\/mehmetakbulut.net\/wp-content\/uploads\/2022\/07\/sm-manage-1024x683.jpg 1024w, https:\/\/mehmetakbulut.net\/wp-content\/uploads\/2022\/07\/sm-manage-768x512.jpg 768w, https:\/\/mehmetakbulut.net\/wp-content\/uploads\/2022\/07\/sm-manage-600x400.jpg 600w\" sizes=\"(max-width: 1536px) 100vw, 1536px\" \/>\t\t\t\t\t\t\t\t\t\t\t\t\t\t\t<\/div>\n\t\t\t\t<\/div>\n\t\t\t\t<div class=\"elementor-element elementor-element-11814b9 elementor-widget elementor-widget-heading\" data-id=\"11814b9\" data-element_type=\"widget\" data-widget_type=\"heading.default\">\n\t\t\t\t<div class=\"elementor-widget-container\">\n\t\t\t<style>\/*! elementor - v3.13.3 - 28-05-2023 *\/\n.elementor-heading-title{padding:0;margin:0;line-height:1}.elementor-widget-heading .elementor-heading-title[class*=elementor-size-]>a{color:inherit;font-size:inherit;line-height:inherit}.elementor-widget-heading .elementor-heading-title.elementor-size-small{font-size:15px}.elementor-widget-heading .elementor-heading-title.elementor-size-medium{font-size:19px}.elementor-widget-heading .elementor-heading-title.elementor-size-large{font-size:29px}.elementor-widget-heading .elementor-heading-title.elementor-size-xl{font-size:39px}.elementor-widget-heading .elementor-heading-title.elementor-size-xxl{font-size:59px}<\/style><h3 class=\"elementor-heading-title elementor-size-default\">Sosyal Medya Y\u00f6netimi<\/h3>\t\t<\/div>\n\t\t\t\t<\/div>\n\t\t\t\t<div class=\"elementor-element elementor-element-15177261 elementor-widget elementor-widget-text-editor\" data-id=\"15177261\" data-element_type=\"widget\" data-widget_type=\"text-editor.default\">\n\t\t\t\t<div class=\"elementor-widget-container\">\n\t\t\t<style>\/*! elementor - v3.13.3 - 28-05-2023 *\/\n.elementor-widget-text-editor.elementor-drop-cap-view-stacked .elementor-drop-cap{background-color:#69727d;color:#fff}.elementor-widget-text-editor.elementor-drop-cap-view-framed .elementor-drop-cap{color:#69727d;border:3px solid;background-color:transparent}.elementor-widget-text-editor:not(.elementor-drop-cap-view-default) .elementor-drop-cap{margin-top:8px}.elementor-widget-text-editor:not(.elementor-drop-cap-view-default) .elementor-drop-cap-letter{width:1em;height:1em}.elementor-widget-text-editor .elementor-drop-cap{float:left;text-align:center;line-height:1;font-size:50px}.elementor-widget-text-editor .elementor-drop-cap-letter{display:inline-block}<\/style>\t\t\t\t<p>Mehmet Akbulut Dijital Pazarlama ve Reklam Dan\u0131\u015fmanl\u0131\u011f\u0131 ekibi olarak kurum ve \u015fahsi hesaplar\u0131n sosyal medya hesaplar\u0131n\u0131 profesyonel olarak y\u00f6netiyor i\u00e7erikler \u00fcretiyoruz.<\/p>\t\t\t\t\t\t<\/div>\n\t\t\t\t<\/div>\n\t\t\t\t<section class=\"elementor-section elementor-inner-section elementor-element elementor-element-5ec428ed elementor-section-boxed elementor-section-height-default elementor-section-height-default\" data-id=\"5ec428ed\" data-element_type=\"section\">\n\t\t\t\t\t\t<div class=\"elementor-container elementor-column-gap-default\">\n\t\t\t\t\t<div class=\"elementor-column elementor-col-50 elementor-inner-column elementor-element elementor-element-27ddf0cc\" data-id=\"27ddf0cc\" data-element_type=\"column\">\n\t\t\t<div class=\"elementor-widget-wrap elementor-element-populated\">\n\t\t\t\t\t\t\t\t<div class=\"elementor-element elementor-element-4cb0802 elementor-widget elementor-widget-text-editor\" data-id=\"4cb0802\" data-element_type=\"widget\" data-widget_type=\"text-editor.default\">\n\t\t\t\t<div class=\"elementor-widget-container\">\n\t\t\t\t\t\t\t<p>G\u00fcn\u00fcm\u00fcz dijital pazarlama ara\u00e7lar\u0131ndan olan Sosyal Medya Plaformlar\u0131 dijital pazarlamada \u00e7ok b\u00fcy\u00fck bir \u00f6neme sahiptir.<\/p><p>Yedi den yetmi\u015fe her ya\u015ftan her kitleden kullan\u0131c\u0131n\u0131n bulundu\u011fu sosyal medya platformlar\u0131nda hedeflerimize ula\u015fmak do\u011fru y\u00f6netim do\u011fru reklamlama ve do\u011fru strateji kullanarak m\u00fcmk\u00fcnd\u00fcr.<\/p><p>Bizler onlarca farkl\u0131 sekt\u00f6rlerden elde etti\u011fimiz sekt\u00f6rel bilgi ve tecr\u00fcbelerimizle sizlere en do\u011fru yol haritas\u0131n\u0131 \u00e7iziyor en uygun ve en etkili Sosyal Medya Y\u00f6netimini Ger\u00e7ekle\u015ftiriyoruz.<\/p>\t\t\t\t\t\t<\/div>\n\t\t\t\t<\/div>\n\t\t\t\t\t<\/div>\n\t\t<\/div>\n\t\t\t\t<div class=\"elementor-column elementor-col-50 elementor-inner-column elementor-element elementor-element-94a7815\" data-id=\"94a7815\" data-element_type=\"column\">\n\t\t\t<div class=\"elementor-widget-wrap elementor-element-populated\">\n\t\t\t\t\t\t\t\t<div class=\"elementor-element elementor-element-5df044db elementor-widget elementor-widget-text-editor\" data-id=\"5df044db\" data-element_type=\"widget\" data-widget_type=\"text-editor.default\">\n\t\t\t\t<div class=\"elementor-widget-container\">\n\t\t\t\t\t\t\t<h3>Etkin Sosyal Medya Y\u00f6netimi<\/h3><ul><li>Faaliyet sekt\u00f6r\u00fcn\u00fcze uygun sosyal medya platformlar\u0131n\u0131n belirlenmesi<\/li><li>Uygun g\u00f6r\u00fclen sosyal medya platformlar\u0131 i\u00e7in en uygun ve en verimli geri d\u00f6n\u00fc\u015f\u00fcm sa\u011flayan stratejinin belirlenmesi.<\/li><li>Analiz ve raporlamalar<\/li><li>Kurumsal hesaplar\u0131n\u0131z\u0131n y\u00f6netimi<\/li><li>Rakip Analizleri<\/li><li>\u0130\u00e7erik pazarlama stratejisinin daima g\u00fcncel tutulmas\u0131<\/li><li>Marka imaj\u0131n\u0131z\u0131n y\u00f6netimi<\/li><li>Etki alan\u0131n\u0131z\u0131n artt\u0131r\u0131lmas\u0131<\/li><\/ul>\t\t\t\t\t\t<\/div>\n\t\t\t\t<\/div>\n\t\t\t\t\t<\/div>\n\t\t<\/div>\n\t\t\t\t\t\t\t<\/div>\n\t\t<\/section>\n\t\t\t\t\t<\/div>\n\t\t<\/div>\n\t\t\t\t\t\t\t<\/div>\n\t\t<\/section>\n\t\t\t\t\t\t\t<\/div>\n\t\t","protected":false},"excerpt":{"rendered":"<p>Sosyal Medya Y\u00f6netimi Mehmet Akbulut Dijital Pazarlama ve Reklam Dan\u0131\u015fmanl\u0131\u011f\u0131 ekibi olarak kurum ve \u015fahsi hesaplar\u0131n sosyal medya hesaplar\u0131n\u0131 profesyonel olarak y\u00f6netiyor i\u00e7erikler \u00fcretiyoruz. G\u00fcn\u00fcm\u00fcz dijital pazarlama ara\u00e7lar\u0131ndan olan Sosyal Medya Plaformlar\u0131 dijital pazarlamada \u00e7ok b\u00fcy\u00fck bir \u00f6neme sahiptir. Yedi den yetmi\u015fe her ya\u015ftan her kitleden kullan\u0131c\u0131n\u0131n bulundu\u011fu sosyal medya platformlar\u0131nda hedeflerimize ula\u015fmak do\u011fru y\u00f6netim do\u011fru reklamlama ve do\u011fru strateji&#8230;<\/p>\n","protected":false},"author":1,"featured_media":0,"parent":0,"menu_order":0,"comment_status":"closed","ping_status":"closed","template":"elementor_header_footer","meta":{"om_disable_all_campaigns":false,"_monsterinsights_skip_tracking":false,"_monsterinsights_sitenote_active":false,"_monsterinsights_sitenote_note":"","_monsterinsights_sitenote_category":0,"footnotes":""},"class_list":["post-210","page","type-page","status-publish","hentry"],"_links":{"self":[{"href":"https:\/\/mehmetakbulut.net\/index.php\/wp-json\/wp\/v2\/pages\/210"}],"collection":[{"href":"https:\/\/mehmetakbulut.net\/index.php\/wp-json\/wp\/v2\/pages"}],"about":[{"href":"https:\/\/mehmetakbulut.net\/index.php\/wp-json\/wp\/v2\/types\/page"}],"author":[{"embeddable":true,"href":"https:\/\/mehmetakbulut.net\/index.php\/wp-json\/wp\/v2\/users\/1"}],"replies":[{"embeddable":true,"href":"https:\/\/mehmetakbulut.net\/index.php\/wp-json\/wp\/v2\/comments?post=210"}],"version-history":[{"count":4,"href":"https:\/\/mehmetakbulut.net\/index.php\/wp-json\/wp\/v2\/pages\/210\/revisions"}],"predecessor-version":[{"id":216,"href":"https:\/\/mehmetakbulut.net\/index.php\/wp-json\/wp\/v2\/pages\/210\/revisions\/216"}],"wp:attachment":[{"href":"https:\/\/mehmetakbulut.net\/index.php\/wp-json\/wp\/v2\/media?parent=210"}],"curies":[{"name":"wp","href":"https:\/\/api.w.org\/{rel}","templated":true}]}}