{"id":217,"date":"2022-07-21T14:40:35","date_gmt":"2022-07-21T14:40:35","guid":{"rendered":"https:\/\/mehmetakbulut.net\/?page_id=217"},"modified":"2022-07-21T14:49:11","modified_gmt":"2022-07-21T14:49:11","slug":"sosyal-medya-uzmani","status":"publish","type":"page","link":"https:\/\/mehmetakbulut.net\/index.php\/sosyal-medya-uzmani\/","title":{"rendered":"Sosyal Medya Uzman\u0131"},"content":{"rendered":"\t\t<div data-elementor-type=\"wp-page\" data-elementor-id=\"217\" class=\"elementor elementor-217\">\n\t\t\t\t\t\t\t\t\t<section class=\"elementor-section elementor-top-section elementor-element elementor-element-7eee2170 elementor-section-content-middle elementor-section-boxed elementor-section-height-default elementor-section-height-default\" data-id=\"7eee2170\" data-element_type=\"section\">\n\t\t\t\t\t\t<div class=\"elementor-container elementor-column-gap-no\">\n\t\t\t\t\t<div class=\"elementor-column elementor-col-100 elementor-top-column elementor-element elementor-element-5bd1cfba\" data-id=\"5bd1cfba\" data-element_type=\"column\">\n\t\t\t<div class=\"elementor-widget-wrap elementor-element-populated\">\n\t\t\t\t\t\t\t\t<div class=\"elementor-element elementor-element-1ae19ef2 elementor-widget elementor-widget-image\" data-id=\"1ae19ef2\" data-element_type=\"widget\" data-widget_type=\"image.default\">\n\t\t\t\t<div class=\"elementor-widget-container\">\n\t\t\t<style>\/*! elementor - v3.13.3 - 28-05-2023 *\/\n.elementor-widget-image{text-align:center}.elementor-widget-image a{display:inline-block}.elementor-widget-image a img[src$=\".svg\"]{width:48px}.elementor-widget-image img{vertical-align:middle;display:inline-block}<\/style>\t\t\t\t\t\t\t\t\t\t\t\t<img loading=\"lazy\" decoding=\"async\" width=\"950\" height=\"633\" src=\"https:\/\/mehmetakbulut.net\/wp-content\/uploads\/2022\/07\/sm-uzm.png\" class=\"attachment-full size-full wp-image-221\" alt=\"\" srcset=\"https:\/\/mehmetakbulut.net\/wp-content\/uploads\/2022\/07\/sm-uzm.png 950w, https:\/\/mehmetakbulut.net\/wp-content\/uploads\/2022\/07\/sm-uzm-300x200.png 300w, https:\/\/mehmetakbulut.net\/wp-content\/uploads\/2022\/07\/sm-uzm-768x512.png 768w, https:\/\/mehmetakbulut.net\/wp-content\/uploads\/2022\/07\/sm-uzm-600x400.png 600w\" sizes=\"(max-width: 950px) 100vw, 950px\" \/>\t\t\t\t\t\t\t\t\t\t\t\t\t\t\t<\/div>\n\t\t\t\t<\/div>\n\t\t\t\t<div class=\"elementor-element elementor-element-861b536 elementor-widget elementor-widget-heading\" data-id=\"861b536\" data-element_type=\"widget\" data-widget_type=\"heading.default\">\n\t\t\t\t<div class=\"elementor-widget-container\">\n\t\t\t<style>\/*! elementor - v3.13.3 - 28-05-2023 *\/\n.elementor-heading-title{padding:0;margin:0;line-height:1}.elementor-widget-heading .elementor-heading-title[class*=elementor-size-]>a{color:inherit;font-size:inherit;line-height:inherit}.elementor-widget-heading .elementor-heading-title.elementor-size-small{font-size:15px}.elementor-widget-heading .elementor-heading-title.elementor-size-medium{font-size:19px}.elementor-widget-heading .elementor-heading-title.elementor-size-large{font-size:29px}.elementor-widget-heading .elementor-heading-title.elementor-size-xl{font-size:39px}.elementor-widget-heading .elementor-heading-title.elementor-size-xxl{font-size:59px}<\/style><h3 class=\"elementor-heading-title elementor-size-default\">Sosyal Medya Uzman\u0131<\/h3>\t\t<\/div>\n\t\t\t\t<\/div>\n\t\t\t\t<div class=\"elementor-element elementor-element-6d7f1a86 elementor-widget elementor-widget-text-editor\" data-id=\"6d7f1a86\" data-element_type=\"widget\" data-widget_type=\"text-editor.default\">\n\t\t\t\t<div class=\"elementor-widget-container\">\n\t\t\t<style>\/*! elementor - v3.13.3 - 28-05-2023 *\/\n.elementor-widget-text-editor.elementor-drop-cap-view-stacked .elementor-drop-cap{background-color:#69727d;color:#fff}.elementor-widget-text-editor.elementor-drop-cap-view-framed .elementor-drop-cap{color:#69727d;border:3px solid;background-color:transparent}.elementor-widget-text-editor:not(.elementor-drop-cap-view-default) .elementor-drop-cap{margin-top:8px}.elementor-widget-text-editor:not(.elementor-drop-cap-view-default) .elementor-drop-cap-letter{width:1em;height:1em}.elementor-widget-text-editor .elementor-drop-cap{float:left;text-align:center;line-height:1;font-size:50px}.elementor-widget-text-editor .elementor-drop-cap-letter{display:inline-block}<\/style>\t\t\t\t<p>Sosyal Medya Uzmanlar\u0131 olarak profesyonel \u00e7\u00f6z\u00fcmler sunuyoruz.<\/p>\t\t\t\t\t\t<\/div>\n\t\t\t\t<\/div>\n\t\t\t\t<section class=\"elementor-section elementor-inner-section elementor-element elementor-element-2ecc7756 elementor-section-boxed elementor-section-height-default elementor-section-height-default\" data-id=\"2ecc7756\" data-element_type=\"section\">\n\t\t\t\t\t\t<div class=\"elementor-container elementor-column-gap-default\">\n\t\t\t\t\t<div class=\"elementor-column elementor-col-50 elementor-inner-column elementor-element elementor-element-7d93516b\" data-id=\"7d93516b\" data-element_type=\"column\">\n\t\t\t<div class=\"elementor-widget-wrap elementor-element-populated\">\n\t\t\t\t\t\t\t\t<div class=\"elementor-element elementor-element-5221299d elementor-widget elementor-widget-text-editor\" data-id=\"5221299d\" data-element_type=\"widget\" data-widget_type=\"text-editor.default\">\n\t\t\t\t<div class=\"elementor-widget-container\">\n\t\t\t\t\t\t\t<p>Sosyal medya uzman\u0131, sosyal medya hesaplar\u0131n\u0131n i\u00e7eri\u011fi, reklam y\u00f6netimi, sayfalar\u0131n geli\u015ftirilmesi, sayfalar\u0131n organizasyonu ve entegrasyonundan sorumludur. Dijitalle\u015fen d\u00fcnyada dijital platformlar \u00fczerinden ger\u00e7ekle\u015ftirilen sat\u0131\u015flar\u0131n sosyal medya hesaplar\u0131 \u00fczerinden sat\u0131\u015f\u0131n\u0131 desteklemekle y\u00fck\u00fcml\u00fcd\u00fcr. Facebook, Twitter, Instagram vb. platformlarda, i\u015fletmenin standartlar\u0131na ve stratejilerine y\u00f6nelik payla\u015f\u0131mlar\u0131 ve giri\u015fimleri organize eder. Dijital trendler ve Rakipler takip edilerek sekt\u00f6rel g\u00fcncelli\u011fi ve sayfan\u0131n geli\u015fimini organize eder. Sosyal medya uzman\u0131 dijital pazarlamaya y\u00f6nelik dijital platformlardaki geli\u015fmeleri takip eder ve sayfalar\u0131 aktif kalmas\u0131n\u0131 sa\u011flar. Sosyal medya uzman\u0131 Sosyal Medya platformlar\u0131n\u0131n yan\u0131s\u0131ra Google Adwords , Youtube gibi di\u011fer platformlar\u0131n\u0131n i\u015fleyi\u015fi hakk\u0131nda bilgi sahibidir.<\/p>\t\t\t\t\t\t<\/div>\n\t\t\t\t<\/div>\n\t\t\t\t\t<\/div>\n\t\t<\/div>\n\t\t\t\t<div class=\"elementor-column elementor-col-50 elementor-inner-column elementor-element elementor-element-7c489fee\" data-id=\"7c489fee\" data-element_type=\"column\">\n\t\t\t<div class=\"elementor-widget-wrap elementor-element-populated\">\n\t\t\t\t\t\t\t\t<div class=\"elementor-element elementor-element-a17d10a elementor-widget elementor-widget-text-editor\" data-id=\"a17d10a\" data-element_type=\"widget\" data-widget_type=\"text-editor.default\">\n\t\t\t\t<div class=\"elementor-widget-container\">\n\t\t\t\t\t\t\t<p>Sosyal Medya Uzman\u0131 i\u015fletmenin dijitalle\u015fmede hedefleri ve faaliyetlerine y\u00f6nelik Dijital projelerde hedefler do\u011frultusunda S\u00fcre\u00e7 ve kampanya y\u00f6netimi yapar. Mevcut projeleri takip eder ve yenilerini olu\u015fturur. Adobe Illustrator,Adobe Photoshop gibi dijital platformlarda i\u00e7erik y\u00f6netimi konusunda olmazsa olmaz niteli\u011finde ki programlar\u0131 kullanabilir. Yaz\u0131l\u0131 ve s\u00f6zel ileti\u015fimde T\u00fcrk\u00e7e\u2019yi ve \u0130ngilizceyi aktif bir \u015fekilde kullanabilir Kreatif d\u00fc\u015f\u00fcnebilen, problemlere kar\u015f\u0131 \u00e7\u00f6z\u00fcm odakl\u0131 d\u00fc\u015f\u00fcnebilen dijital ve g\u00f6rsel yan\u0131 g\u00fc\u00e7l\u00fc yenilik\u00e7i bir karaktere sahiptir.<\/p>\t\t\t\t\t\t<\/div>\n\t\t\t\t<\/div>\n\t\t\t\t\t<\/div>\n\t\t<\/div>\n\t\t\t\t\t\t\t<\/div>\n\t\t<\/section>\n\t\t\t\t<section class=\"elementor-section elementor-inner-section elementor-element elementor-element-cdc4638 elementor-section-boxed elementor-section-height-default elementor-section-height-default\" data-id=\"cdc4638\" data-element_type=\"section\">\n\t\t\t\t\t\t<div class=\"elementor-container elementor-column-gap-default\">\n\t\t\t\t\t<div class=\"elementor-column elementor-col-50 elementor-inner-column elementor-element elementor-element-f19c552\" data-id=\"f19c552\" data-element_type=\"column\">\n\t\t\t<div class=\"elementor-widget-wrap elementor-element-populated\">\n\t\t\t\t\t\t\t\t<div class=\"elementor-element elementor-element-1bd10a4 elementor-widget elementor-widget-text-editor\" data-id=\"1bd10a4\" data-element_type=\"widget\" data-widget_type=\"text-editor.default\">\n\t\t\t\t<div class=\"elementor-widget-container\">\n\t\t\t\t\t\t\t<p><strong>Sosyal Medya Uzman\u0131 Olarak Ne Yap\u0131yoruz ?<\/strong><\/p><p>Sosyal medya uzmanl\u0131\u011f\u0131 geni\u015f kapsaml\u0131 bir hizmettir ve tek ba\u015fl\u0131k alt\u0131nda toparlamak m\u00fcmk\u00fcn de\u011fildir. Sosyal Medya Uzman\u0131 olarak Temsil etti\u011fimiz ki\u015fi ya da kurumlar\u0131n sosyal medyadaki stratejilerini olu\u015fturuyor, sosyal medya hesaplar\u0131nda ki faaliyetlerini takip ediyor, geli\u015ftiriyor, uyguluyor ve dijital ileti\u015fim dilini aktif bir \u015fekilde kullan\u0131yoruz.<\/p>\t\t\t\t\t\t<\/div>\n\t\t\t\t<\/div>\n\t\t\t\t\t<\/div>\n\t\t<\/div>\n\t\t\t\t<div class=\"elementor-column elementor-col-50 elementor-inner-column elementor-element elementor-element-dc57e66\" data-id=\"dc57e66\" data-element_type=\"column\">\n\t\t\t<div class=\"elementor-widget-wrap elementor-element-populated\">\n\t\t\t\t\t\t\t\t<div class=\"elementor-element elementor-element-cc1ee81 elementor-widget elementor-widget-text-editor\" data-id=\"cc1ee81\" data-element_type=\"widget\" data-widget_type=\"text-editor.default\">\n\t\t\t\t<div class=\"elementor-widget-container\">\n\t\t\t\t\t\t\t<p>Kurumlar\u0131n, i\u015fletmelerin, markalar\u0131n veya ki\u015filerin sosyal platformlarda ki faaliyetlerini olu\u015fturuyor, dinamik bir hale getiriyor ve profesyonel anlamda y\u00f6netiyoruz. Sosyal Medya Hesaplar\u0131nda ki Pazarlama ve Reklam Stratejilerini olu\u015fturup y\u00f6netiyoruz. \u00d6zel kampanya, \u00e7ekili\u015fler, organizasyonlar ve anketler haz\u0131rlayarak hesab\u0131 aktif hale getiriyoruz. Sosyal Medya Hesaplar\u0131 \u00dczerinden olu\u015fturulan alg\u0131y\u0131 y\u00f6netiyoruz. Sosyal hesaplardaki i\u00e7erikleri ve g\u00f6rsel tasar\u0131mlar\u0131 y\u00f6netiyoruz. Marka bilinirli\u011fini art\u0131rmaya y\u00f6nelik \u00e7al\u0131\u015fmalarda bulunuyoruz. Markan\u0131n g\u00fcncel kalmas\u0131n\u0131 sa\u011flamak i\u00e7in s\u00fcrekli ara\u015ft\u0131r\u0131yor ve g\u00fcncel i\u00e7erikler \u00fcretiyoruz.<\/p><p>Bizler siz kendi i\u015flerinizi y\u00fcr\u00fct\u00fcrken firman\u0131z\u0131n hesaplar\u0131n\u0131 Sosyal Medya Uzmanlar\u0131 olarak y\u00f6netiyor, i\u015f y\u00fck\u00fcn\u00fcz\u00fc hafifletiyor ve markan\u0131z\u0131n de\u011ferini y\u00fckseltmeye y\u00f6nelik \u00e7al\u0131\u015fmalarda bulunuyoruz.<\/p><p>Daha fazla bilgi ve detay i\u00e7in taraf\u0131m\u0131za\u00a0<strong><a href=\"..\/iletisim\/index.htm\">ileti\u015fim<\/a><\/strong>\u00a0sayfam\u0131zdan ula\u015fabilirsiniz.<\/p>\t\t\t\t\t\t<\/div>\n\t\t\t\t<\/div>\n\t\t\t\t\t<\/div>\n\t\t<\/div>\n\t\t\t\t\t\t\t<\/div>\n\t\t<\/section>\n\t\t\t\t\t<\/div>\n\t\t<\/div>\n\t\t\t\t\t\t\t<\/div>\n\t\t<\/section>\n\t\t\t\t\t\t\t<\/div>\n\t\t","protected":false},"excerpt":{"rendered":"<p>Sosyal Medya Uzman\u0131 Sosyal Medya Uzmanlar\u0131 olarak profesyonel \u00e7\u00f6z\u00fcmler sunuyoruz. Sosyal medya uzman\u0131, sosyal medya hesaplar\u0131n\u0131n i\u00e7eri\u011fi, reklam y\u00f6netimi, sayfalar\u0131n geli\u015ftirilmesi, sayfalar\u0131n organizasyonu ve entegrasyonundan sorumludur. Dijitalle\u015fen d\u00fcnyada dijital platformlar \u00fczerinden ger\u00e7ekle\u015ftirilen sat\u0131\u015flar\u0131n sosyal medya hesaplar\u0131 \u00fczerinden sat\u0131\u015f\u0131n\u0131 desteklemekle y\u00fck\u00fcml\u00fcd\u00fcr. Facebook, Twitter, Instagram vb. platformlarda, i\u015fletmenin standartlar\u0131na ve stratejilerine y\u00f6nelik payla\u015f\u0131mlar\u0131 ve giri\u015fimleri organize eder. Dijital trendler ve Rakipler takip&#8230;<\/p>\n","protected":false},"author":1,"featured_media":0,"parent":0,"menu_order":0,"comment_status":"closed","ping_status":"closed","template":"elementor_header_footer","meta":{"om_disable_all_campaigns":false,"_monsterinsights_skip_tracking":false,"_monsterinsights_sitenote_active":false,"_monsterinsights_sitenote_note":"","_monsterinsights_sitenote_category":0,"footnotes":""},"class_list":["post-217","page","type-page","status-publish","hentry"],"_links":{"self":[{"href":"https:\/\/mehmetakbulut.net\/index.php\/wp-json\/wp\/v2\/pages\/217"}],"collection":[{"href":"https:\/\/mehmetakbulut.net\/index.php\/wp-json\/wp\/v2\/pages"}],"about":[{"href":"https:\/\/mehmetakbulut.net\/index.php\/wp-json\/wp\/v2\/types\/page"}],"author":[{"embeddable":true,"href":"https:\/\/mehmetakbulut.net\/index.php\/wp-json\/wp\/v2\/users\/1"}],"replies":[{"embeddable":true,"href":"https:\/\/mehmetakbulut.net\/index.php\/wp-json\/wp\/v2\/comments?post=217"}],"version-history":[{"count":4,"href":"https:\/\/mehmetakbulut.net\/index.php\/wp-json\/wp\/v2\/pages\/217\/revisions"}],"predecessor-version":[{"id":224,"href":"https:\/\/mehmetakbulut.net\/index.php\/wp-json\/wp\/v2\/pages\/217\/revisions\/224"}],"wp:attachment":[{"href":"https:\/\/mehmetakbulut.net\/index.php\/wp-json\/wp\/v2\/media?parent=217"}],"curies":[{"name":"wp","href":"https:\/\/api.w.org\/{rel}","templated":true}]}}