{"id":225,"date":"2022-07-21T14:51:43","date_gmt":"2022-07-21T14:51:43","guid":{"rendered":"https:\/\/mehmetakbulut.net\/?page_id=225"},"modified":"2022-07-21T15:05:06","modified_gmt":"2022-07-21T15:05:06","slug":"sosyal-medya-reklamlari","status":"publish","type":"page","link":"https:\/\/mehmetakbulut.net\/index.php\/sosyal-medya-reklamlari\/","title":{"rendered":"Sosyal Medya Reklamlar\u0131"},"content":{"rendered":"\t\t<div data-elementor-type=\"wp-page\" data-elementor-id=\"225\" class=\"elementor elementor-225\">\n\t\t\t\t\t\t\t\t\t<section class=\"elementor-section elementor-top-section elementor-element elementor-element-706c3e87 elementor-section-content-middle elementor-section-boxed elementor-section-height-default elementor-section-height-default\" data-id=\"706c3e87\" data-element_type=\"section\">\n\t\t\t\t\t\t<div class=\"elementor-container elementor-column-gap-no\">\n\t\t\t\t\t<div class=\"elementor-column elementor-col-100 elementor-top-column elementor-element elementor-element-5f2c9ac6\" data-id=\"5f2c9ac6\" data-element_type=\"column\">\n\t\t\t<div class=\"elementor-widget-wrap elementor-element-populated\">\n\t\t\t\t\t\t\t\t<div class=\"elementor-element elementor-element-16e5d0f8 elementor-widget elementor-widget-image\" data-id=\"16e5d0f8\" data-element_type=\"widget\" data-widget_type=\"image.default\">\n\t\t\t\t<div class=\"elementor-widget-container\">\n\t\t\t<style>\/*! elementor - v3.13.3 - 28-05-2023 *\/\n.elementor-widget-image{text-align:center}.elementor-widget-image a{display:inline-block}.elementor-widget-image a img[src$=\".svg\"]{width:48px}.elementor-widget-image img{vertical-align:middle;display:inline-block}<\/style>\t\t\t\t\t\t\t\t\t\t\t\t<img loading=\"lazy\" decoding=\"async\" width=\"900\" height=\"471\" src=\"https:\/\/mehmetakbulut.net\/wp-content\/uploads\/2022\/07\/reklam.png\" class=\"attachment-full size-full wp-image-230\" alt=\"\" srcset=\"https:\/\/mehmetakbulut.net\/wp-content\/uploads\/2022\/07\/reklam.png 900w, https:\/\/mehmetakbulut.net\/wp-content\/uploads\/2022\/07\/reklam-300x157.png 300w, https:\/\/mehmetakbulut.net\/wp-content\/uploads\/2022\/07\/reklam-768x402.png 768w\" sizes=\"(max-width: 900px) 100vw, 900px\" \/>\t\t\t\t\t\t\t\t\t\t\t\t\t\t\t<\/div>\n\t\t\t\t<\/div>\n\t\t\t\t<div class=\"elementor-element elementor-element-3923d313 elementor-widget elementor-widget-heading\" data-id=\"3923d313\" data-element_type=\"widget\" data-widget_type=\"heading.default\">\n\t\t\t\t<div class=\"elementor-widget-container\">\n\t\t\t<style>\/*! elementor - v3.13.3 - 28-05-2023 *\/\n.elementor-heading-title{padding:0;margin:0;line-height:1}.elementor-widget-heading .elementor-heading-title[class*=elementor-size-]>a{color:inherit;font-size:inherit;line-height:inherit}.elementor-widget-heading .elementor-heading-title.elementor-size-small{font-size:15px}.elementor-widget-heading .elementor-heading-title.elementor-size-medium{font-size:19px}.elementor-widget-heading .elementor-heading-title.elementor-size-large{font-size:29px}.elementor-widget-heading .elementor-heading-title.elementor-size-xl{font-size:39px}.elementor-widget-heading .elementor-heading-title.elementor-size-xxl{font-size:59px}<\/style><h3 class=\"elementor-heading-title elementor-size-default\">Sosyal Medya Reklamlar\u0131<\/h3>\t\t<\/div>\n\t\t\t\t<\/div>\n\t\t\t\t<div class=\"elementor-element elementor-element-475387ef elementor-widget elementor-widget-text-editor\" data-id=\"475387ef\" data-element_type=\"widget\" data-widget_type=\"text-editor.default\">\n\t\t\t\t<div class=\"elementor-widget-container\">\n\t\t\t<style>\/*! elementor - v3.13.3 - 28-05-2023 *\/\n.elementor-widget-text-editor.elementor-drop-cap-view-stacked .elementor-drop-cap{background-color:#69727d;color:#fff}.elementor-widget-text-editor.elementor-drop-cap-view-framed .elementor-drop-cap{color:#69727d;border:3px solid;background-color:transparent}.elementor-widget-text-editor:not(.elementor-drop-cap-view-default) .elementor-drop-cap{margin-top:8px}.elementor-widget-text-editor:not(.elementor-drop-cap-view-default) .elementor-drop-cap-letter{width:1em;height:1em}.elementor-widget-text-editor .elementor-drop-cap{float:left;text-align:center;line-height:1;font-size:50px}.elementor-widget-text-editor .elementor-drop-cap-letter{display:inline-block}<\/style>\t\t\t\t<p>Dijitalle\u015fen d\u00fcnyada sponsorlu reklamlar olarakta bilinen sosyal medya reklamlar\u0131 her ge\u00e7en g\u00fcn daha fazla \u00f6nem arz etmekte ve her i\u015fletmenin ihtiyac\u0131 haline gelmektedir.<\/p>\t\t\t\t\t\t<\/div>\n\t\t\t\t<\/div>\n\t\t\t\t<section class=\"elementor-section elementor-inner-section elementor-element elementor-element-1adf6baa elementor-section-boxed elementor-section-height-default elementor-section-height-default\" data-id=\"1adf6baa\" data-element_type=\"section\">\n\t\t\t\t\t\t<div class=\"elementor-container elementor-column-gap-default\">\n\t\t\t\t\t<div class=\"elementor-column elementor-col-50 elementor-inner-column elementor-element elementor-element-62bcc6f4\" data-id=\"62bcc6f4\" data-element_type=\"column\">\n\t\t\t<div class=\"elementor-widget-wrap elementor-element-populated\">\n\t\t\t\t\t\t\t\t<div class=\"elementor-element elementor-element-4c3eccfd elementor-widget elementor-widget-text-editor\" data-id=\"4c3eccfd\" data-element_type=\"widget\" data-widget_type=\"text-editor.default\">\n\t\t\t\t<div class=\"elementor-widget-container\">\n\t\t\t\t\t\t\t<p class=\"has-normal-font-size\">Dijital reklamc\u0131l\u0131k gazete dergi gibi alanlarda ba\u015flayarak radyo televizyon ve g\u00fcn\u00fcm\u00fczde sosyal medya reklamlar\u0131 olarak hayat\u0131m\u0131zda varl\u0131\u011f\u0131n\u0131 s\u00fcrd\u00fcrmektedir. Sosyal medya reklamlar\u0131 deyince akla gelen platformlar\u0131n ba\u015f\u0131nda instagram ve facebook gibi pop\u00fcler platformlar gelmektedir. Bu durumun sebebi toplumun b\u00fcy\u00fck bir \u00e7o\u011funlu\u011funun instagram facebook gibi platformlarda aktif olarak yer almas\u0131 ve payla\u015f\u0131mlar yaparak vakit ge\u00e7irmesidir. Bu duruma istinaden pazarlama h\u0131zla dijital platformlara do\u011fru ilerlemektedir.<\/p><p class=\"has-normal-font-size\">Instagram ve Facebook reklamlar\u0131n\u0131 pek \u00e7o\u011fumuz sponsorlu reklamlar olarak ak\u0131\u015fta hikayelerde ve di\u011fer reklam alanlar\u0131nda g\u00f6rmekteyiz.\u00a0 Asl\u0131nda bu durum bile sosyal medya reklamlar\u0131n\u0131n ne kadar \u00f6nemli bir pazarlama arac\u0131 oldu\u011funu ve bu alanda faaliyet g\u00f6stermemiz gerekti\u011finin en b\u00fcy\u00fck g\u00f6stergesidir. Toplumun pek \u00e7ok kesiminde sponsorlu reklamlar olarak telaffuz edilen instagram ve facebook reklamlar\u0131 arac\u0131l\u0131\u011f\u0131 ile profesyonel olarak reklam setleri d\u00fczenleyebiliyor ve potansiyel eri\u015fime hi\u00e7 olmad\u0131k kadar etkili bir \u015fekilde ula\u015fabiliyoruz.<\/p>\t\t\t\t\t\t<\/div>\n\t\t\t\t<\/div>\n\t\t\t\t\t<\/div>\n\t\t<\/div>\n\t\t\t\t<div class=\"elementor-column elementor-col-50 elementor-inner-column elementor-element elementor-element-7576f363\" data-id=\"7576f363\" data-element_type=\"column\">\n\t\t\t<div class=\"elementor-widget-wrap elementor-element-populated\">\n\t\t\t\t\t\t\t\t<div class=\"elementor-element elementor-element-7533b6f4 elementor-widget elementor-widget-text-editor\" data-id=\"7533b6f4\" data-element_type=\"widget\" data-widget_type=\"text-editor.default\">\n\t\t\t\t<div class=\"elementor-widget-container\">\n\t\t\t\t\t\t\t<div class=\"blog-masonry page_desc\"><div class=\"col-lg-12\"><div id=\"post-113\" class=\"blog-carousel post-113 page type-page status-publish hentry\"><div class=\"blog-desc\"><p class=\"has-normal-font-size\">\u00d6rne\u011fin bir b\u00f6lgede ya\u015fayan i\u00e7 mimar ihtiyac\u0131 birisine mimar bir i\u015fletmenin reklam\u0131n\u0131 g\u00f6stererek fikir sahibi olmas\u0131n\u0131 ve anla\u015f\u0131lmas\u0131 halinde iki tarafl\u0131 sonuca ula\u015f\u0131lmas\u0131n\u0131 sa\u011flayabiliyoruz. Bir b\u00f6lgede ya\u015fayan ve telefon veya bilgisayar\u0131n\u0131 \u0130ngilizce kullanan ve ayn\u0131 zamanda T\u00fcrk\u00e7e kursu ara\u015ft\u0131ran bir ki\u015fiye T\u00fcrk\u00e7e e\u011fitimi veren bir i\u015fletmenin reklam\u0131n\u0131 g\u00f6stererek iki tarafl\u0131 fayda sa\u011flayabiliyor sonuca ula\u015ft\u0131rabiliyoruz.<\/p><p class=\"has-normal-font-size\">Bir b\u00f6lgede makine fuar\u0131 d\u00fczenleyecek bir organizasyon \u015firketinin veya organizasyonun reklam\u0131n\u0131 o b\u00f6lgedeki makine ve end\u00fcstri ile alakal\u0131 ara\u015ft\u0131rmalarda bulunan, ilgilenen bir ki\u015fiye bu reklam\u0131 g\u00f6stererek fuar alan\u0131nda i\u015fletmelerle geni\u015f kitleleri bulu\u015fturabiliyoruz.<\/p><p class=\"has-normal-font-size\">Sosyal Medya Reklamlar\u0131\u00a0 s\u0131n\u0131r yok ifadesinin en fazla anlam buldu\u011fu alanlardan birisidir. Talebe ve ihtiyaca g\u00f6re kar\u015f\u0131l\u0131k bulur ve geni\u015f kitlelere ula\u015fmada \u00e7ok \u00f6nemli bir rol \u00fcstlenir.<\/p><p class=\"has-normal-font-size\">En \u00f6nemli merak konular\u0131ndan birisi sosyal medya reklamlar\u0131nda \u00f6deme nas\u0131l oluyor bu sponsor\u00a0 kim ? Bu sorunun cevab\u0131 tam olarak sizsiniz. Sosyal Medya Reklamlar\u0131nda sponsorlu olarak reklam verirken b\u00fct\u00e7eyi siz belirliyor \u00f6demeyi siz ger\u00e7ekle\u015ftiriyosunuz. \u00d6deme i\u00e7in Sosyal Medya Reklamlar\u0131nda \u00d6deme Nas\u0131l Olur ? adl\u0131 yaz\u0131m\u0131z\u0131 inceleyebilirsiniz.<\/p><p class=\"has-normal-font-size\">Dijital pazarlaman\u0131n en temel unsuru olan Sosyal Medya Reklamlar\u0131 konusunda detayl\u0131 bilgi i\u00e7in bizimle bu\u00a0<a href=\"..\/iletisim\/index.htm\">ileti\u015fim<\/a>\u00a0ba\u011flant\u0131s\u0131ndan ileti\u015fime ge\u00e7ebilir daha fazla detayl\u0131 bilgi alabilirsiniz.<\/p><\/div><\/div><\/div><\/div><div class=\"clearfix\">\u00a0<\/div><div id=\"comments\" class=\"padding-top\"><div class=\"clearfix\">\u00a0<\/div><\/div>\t\t\t\t\t\t<\/div>\n\t\t\t\t<\/div>\n\t\t\t\t\t<\/div>\n\t\t<\/div>\n\t\t\t\t\t\t\t<\/div>\n\t\t<\/section>\n\t\t\t\t\t<\/div>\n\t\t<\/div>\n\t\t\t\t\t\t\t<\/div>\n\t\t<\/section>\n\t\t\t\t\t\t\t<\/div>\n\t\t","protected":false},"excerpt":{"rendered":"<p>Sosyal Medya Reklamlar\u0131 Dijitalle\u015fen d\u00fcnyada sponsorlu reklamlar olarakta bilinen sosyal medya reklamlar\u0131 her ge\u00e7en g\u00fcn daha fazla \u00f6nem arz etmekte ve her i\u015fletmenin ihtiyac\u0131 haline gelmektedir. Dijital reklamc\u0131l\u0131k gazete dergi gibi alanlarda ba\u015flayarak radyo televizyon ve g\u00fcn\u00fcm\u00fczde sosyal medya reklamlar\u0131 olarak hayat\u0131m\u0131zda varl\u0131\u011f\u0131n\u0131 s\u00fcrd\u00fcrmektedir. Sosyal medya reklamlar\u0131 deyince akla gelen platformlar\u0131n ba\u015f\u0131nda instagram ve facebook gibi pop\u00fcler platformlar gelmektedir. Bu&#8230;<\/p>\n","protected":false},"author":1,"featured_media":0,"parent":0,"menu_order":0,"comment_status":"closed","ping_status":"closed","template":"elementor_header_footer","meta":{"om_disable_all_campaigns":false,"_monsterinsights_skip_tracking":false,"_monsterinsights_sitenote_active":false,"_monsterinsights_sitenote_note":"","_monsterinsights_sitenote_category":0,"footnotes":""},"class_list":["post-225","page","type-page","status-publish","hentry"],"_links":{"self":[{"href":"https:\/\/mehmetakbulut.net\/index.php\/wp-json\/wp\/v2\/pages\/225"}],"collection":[{"href":"https:\/\/mehmetakbulut.net\/index.php\/wp-json\/wp\/v2\/pages"}],"about":[{"href":"https:\/\/mehmetakbulut.net\/index.php\/wp-json\/wp\/v2\/types\/page"}],"author":[{"embeddable":true,"href":"https:\/\/mehmetakbulut.net\/index.php\/wp-json\/wp\/v2\/users\/1"}],"replies":[{"embeddable":true,"href":"https:\/\/mehmetakbulut.net\/index.php\/wp-json\/wp\/v2\/comments?post=225"}],"version-history":[{"count":7,"href":"https:\/\/mehmetakbulut.net\/index.php\/wp-json\/wp\/v2\/pages\/225\/revisions"}],"predecessor-version":[{"id":233,"href":"https:\/\/mehmetakbulut.net\/index.php\/wp-json\/wp\/v2\/pages\/225\/revisions\/233"}],"wp:attachment":[{"href":"https:\/\/mehmetakbulut.net\/index.php\/wp-json\/wp\/v2\/media?parent=225"}],"curies":[{"name":"wp","href":"https:\/\/api.w.org\/{rel}","templated":true}]}}