{"id":234,"date":"2022-07-21T15:07:14","date_gmt":"2022-07-21T15:07:14","guid":{"rendered":"https:\/\/mehmetakbulut.net\/?page_id=234"},"modified":"2022-07-21T15:12:08","modified_gmt":"2022-07-21T15:12:08","slug":"google-adwords-reklamlari","status":"publish","type":"page","link":"https:\/\/mehmetakbulut.net\/index.php\/google-adwords-reklamlari\/","title":{"rendered":"Google Adwords Reklamlar\u0131"},"content":{"rendered":"\t\t<div data-elementor-type=\"wp-page\" data-elementor-id=\"234\" class=\"elementor elementor-234\">\n\t\t\t\t\t\t\t\t\t<section class=\"elementor-section elementor-top-section elementor-element elementor-element-18ff08ff elementor-section-content-middle elementor-section-boxed elementor-section-height-default elementor-section-height-default\" data-id=\"18ff08ff\" data-element_type=\"section\">\n\t\t\t\t\t\t<div class=\"elementor-container elementor-column-gap-no\">\n\t\t\t\t\t<div class=\"elementor-column elementor-col-100 elementor-top-column elementor-element elementor-element-21bda03f\" data-id=\"21bda03f\" data-element_type=\"column\">\n\t\t\t<div class=\"elementor-widget-wrap elementor-element-populated\">\n\t\t\t\t\t\t\t\t<div class=\"elementor-element elementor-element-2ad17b02 elementor-widget elementor-widget-image\" data-id=\"2ad17b02\" data-element_type=\"widget\" data-widget_type=\"image.default\">\n\t\t\t\t<div class=\"elementor-widget-container\">\n\t\t\t<style>\/*! elementor - v3.13.3 - 28-05-2023 *\/\n.elementor-widget-image{text-align:center}.elementor-widget-image a{display:inline-block}.elementor-widget-image a img[src$=\".svg\"]{width:48px}.elementor-widget-image img{vertical-align:middle;display:inline-block}<\/style>\t\t\t\t\t\t\t\t\t\t\t\t<img loading=\"lazy\" decoding=\"async\" width=\"836\" height=\"424\" src=\"https:\/\/mehmetakbulut.net\/wp-content\/uploads\/2022\/07\/google-reklam.jpg\" class=\"attachment-full size-full wp-image-236\" alt=\"\" srcset=\"https:\/\/mehmetakbulut.net\/wp-content\/uploads\/2022\/07\/google-reklam.jpg 836w, https:\/\/mehmetakbulut.net\/wp-content\/uploads\/2022\/07\/google-reklam-300x152.jpg 300w, https:\/\/mehmetakbulut.net\/wp-content\/uploads\/2022\/07\/google-reklam-768x390.jpg 768w\" sizes=\"(max-width: 836px) 100vw, 836px\" \/>\t\t\t\t\t\t\t\t\t\t\t\t\t\t\t<\/div>\n\t\t\t\t<\/div>\n\t\t\t\t<div class=\"elementor-element elementor-element-1a044e60 elementor-widget elementor-widget-heading\" data-id=\"1a044e60\" data-element_type=\"widget\" data-widget_type=\"heading.default\">\n\t\t\t\t<div class=\"elementor-widget-container\">\n\t\t\t<style>\/*! elementor - v3.13.3 - 28-05-2023 *\/\n.elementor-heading-title{padding:0;margin:0;line-height:1}.elementor-widget-heading .elementor-heading-title[class*=elementor-size-]>a{color:inherit;font-size:inherit;line-height:inherit}.elementor-widget-heading .elementor-heading-title.elementor-size-small{font-size:15px}.elementor-widget-heading .elementor-heading-title.elementor-size-medium{font-size:19px}.elementor-widget-heading .elementor-heading-title.elementor-size-large{font-size:29px}.elementor-widget-heading .elementor-heading-title.elementor-size-xl{font-size:39px}.elementor-widget-heading .elementor-heading-title.elementor-size-xxl{font-size:59px}<\/style><h3 class=\"elementor-heading-title elementor-size-default\">Google Adwords Reklamlar\u0131<\/h3>\t\t<\/div>\n\t\t\t\t<\/div>\n\t\t\t\t<div class=\"elementor-element elementor-element-61f37af7 elementor-widget elementor-widget-text-editor\" data-id=\"61f37af7\" data-element_type=\"widget\" data-widget_type=\"text-editor.default\">\n\t\t\t\t<div class=\"elementor-widget-container\">\n\t\t\t<style>\/*! elementor - v3.13.3 - 28-05-2023 *\/\n.elementor-widget-text-editor.elementor-drop-cap-view-stacked .elementor-drop-cap{background-color:#69727d;color:#fff}.elementor-widget-text-editor.elementor-drop-cap-view-framed .elementor-drop-cap{color:#69727d;border:3px solid;background-color:transparent}.elementor-widget-text-editor:not(.elementor-drop-cap-view-default) .elementor-drop-cap{margin-top:8px}.elementor-widget-text-editor:not(.elementor-drop-cap-view-default) .elementor-drop-cap-letter{width:1em;height:1em}.elementor-widget-text-editor .elementor-drop-cap{float:left;text-align:center;line-height:1;font-size:50px}.elementor-widget-text-editor .elementor-drop-cap-letter{display:inline-block}<\/style>\t\t\t\t<p>Google\u2019\u0131n internet reklamc\u0131l\u0131\u011f\u0131 hizmeti olan\u00a0<strong>Google Ads (AdWords)<\/strong>\u00a0ile \u00fcr\u00fcn ve hizmetlerinizin varl\u0131\u011f\u0131ndan potansiyel m\u00fc\u015fterilerinizin haberdar olmas\u0131n\u0131 sa\u011flayabilirsiniz.<\/p>\t\t\t\t\t\t<\/div>\n\t\t\t\t<\/div>\n\t\t\t\t<section class=\"elementor-section elementor-inner-section elementor-element elementor-element-71857bf7 elementor-section-boxed elementor-section-height-default elementor-section-height-default\" data-id=\"71857bf7\" data-element_type=\"section\">\n\t\t\t\t\t\t<div class=\"elementor-container elementor-column-gap-default\">\n\t\t\t\t\t<div class=\"elementor-column elementor-col-50 elementor-inner-column elementor-element elementor-element-7114a951\" data-id=\"7114a951\" data-element_type=\"column\">\n\t\t\t<div class=\"elementor-widget-wrap elementor-element-populated\">\n\t\t\t\t\t\t\t\t<div class=\"elementor-element elementor-element-5b607bda elementor-widget elementor-widget-text-editor\" data-id=\"5b607bda\" data-element_type=\"widget\" data-widget_type=\"text-editor.default\">\n\t\t\t\t<div class=\"elementor-widget-container\">\n\t\t\t\t\t\t\t<h4>Neden Google Ads Reklamlar\u0131?<\/h4><p>G\u00fcn\u00fcm\u00fczde\u00a0<strong>Google Ads (AdWords)<\/strong>\u00a0internet reklamlar\u0131 arac\u0131l\u0131\u011f\u0131yla milyonlarca i\u015fletme ve ki\u015fi \u00fcr\u00fcn ve hizmetlerini geni\u015f kitlelere ula\u015ft\u0131rmakta.<\/p><p>Internet kullan\u0131c\u0131lar\u0131 taraf\u0131ndan en \u00e7ok kullan\u0131lan arama motoru \u00f6zelli\u011fine sahip Google \u00fclkemizde de b\u00fcy\u00fck \u00f6nem ve ilgi g\u00f6rmektedir. Bireysel olarak d\u00fc\u015f\u00fcnd\u00fc\u011f\u00fcm\u00fczde bir \u00fcr\u00fcn veya hizmete ihtiya\u00e7 duydu\u011f\u0131umuzda mutlaka google \u00fczerinden ara\u015ft\u0131rmalar yapmakta ve sonuca ula\u015fmaktay\u0131z. Peki b\u00f6ylesine etkili bir reklam a\u011f\u0131na sahip Google da\u00a0<strong>Google Ads\u00a0<\/strong>reklamlar\u0131yla neden daha geni\u015f kitlelere minimum maaliyetlerle ula\u015fmayal\u0131m ?<\/p><h4>Google Ads Reklamlar\u0131 Nelerdir?<\/h4><p>Google Ads Reklamlar\u0131 reklam verenlerin kar\u015f\u0131s\u0131na 5 farkl\u0131 modelde \u00e7\u0131kmaktad\u0131r.<\/p><h4>Google Ads Arama Motoru Reklamlar\u0131\u00a0(Arama A\u011f\u0131)<\/h4><p>\u0130nternet kullan\u0131c\u0131lar\u0131n\u0131n google arama motoru vas\u0131tas\u0131 ile ger\u00e7ekle\u015ftirdikleri aramalar sonucunda listelenen sonu\u00e7lar\u0131n\u0131n ilk d\u00f6rt tanesi ile son \u00fc\u00e7 tanesini\u00a0<strong>Google Ads Arama A\u011f\u0131<\/strong>\u00a0Reklamlar\u0131 olu\u015fturur. Sizin i\u015fletmenizde bu sonu\u00e7lardan bir tanesi olabilir.<\/p><h4>Google Ads Al\u0131\u015fveri\u015f Reklamlar\u0131\u00a0(E-Ticaret)<\/h4><p>\u0130nternet kullan\u0131c\u0131lar\u0131n\u0131n google arama motorunda ger\u00e7ekle\u015ftirdikleri aramalar sonucunda listelenen sonu\u00e7lar\u0131n ilk s\u0131ras\u0131nda\u00a0<strong>E-Ticaret<\/strong>\u00a0siteleri i\u00e7in \u00f6zel olarak kurgulanan Google Al\u0131\u015fveri\u015f Reklamlar\u0131 g\u00f6sterilir.<\/p><h4>Google Ads G\u00f6r\u00fcnt\u00fcl\u00fc Reklamlar\u00a0(Banner)<\/h4><p>Google Ads g\u00f6r\u00fcnt\u00fcl\u00fc reklamlar\u0131 ile i\u015fletmenizi google i\u015f orta\u011f\u0131 milyonlarca ki\u015fiye ula\u015ft\u0131rabilir ve g\u00fcnde milyonlarca ki\u015finin ziyaret etti\u011fi web sitesinde (Mynet, Sabah, Milliyet vb) gibi websitelerde m\u00fc\u015fterilerinizin kar\u015f\u0131s\u0131na \u00e7\u0131kabilirsiniz.<\/p>\t\t\t\t\t\t<\/div>\n\t\t\t\t<\/div>\n\t\t\t\t\t<\/div>\n\t\t<\/div>\n\t\t\t\t<div class=\"elementor-column elementor-col-50 elementor-inner-column elementor-element elementor-element-36e94697\" data-id=\"36e94697\" data-element_type=\"column\">\n\t\t\t<div class=\"elementor-widget-wrap elementor-element-populated\">\n\t\t\t\t\t\t\t\t<div class=\"elementor-element elementor-element-2f0c614c elementor-widget elementor-widget-text-editor\" data-id=\"2f0c614c\" data-element_type=\"widget\" data-widget_type=\"text-editor.default\">\n\t\t\t\t<div class=\"elementor-widget-container\">\n\t\t\t\t\t\t\t<h4>Google Ads Video Reklamlar\u0131\u00a0(Youtube)<\/h4><p>Youtube d\u00fcnya da en \u00e7ok kullan\u0131lan ve kullan\u0131l\u0131rken insanlar\u0131n keyif ald\u0131\u011f\u0131 en b\u00fcy\u00fck video arama sitesidir. Youtube ta yap\u0131lan aramalarda google kadar pop\u00fcler ve \u00e7ok fazla kullan\u0131lmaktad\u0131r. Youtube her ya\u015ftan insana hitap etmekte ve g\u00fcn\u00fcm\u00fczde en \u00e7ok kullan\u0131lan sosyal medya platformu \u00f6zelli\u011fine sahiptir. Insanlar Youtube \u00fczerinden e\u011fitimlere canl\u0131 yay\u0131nlara kat\u0131lmakta ve istedikleri videoya ula\u015fabilmektedirler. Bu gibi durumlar g\u00f6z \u00f6n\u00fcnde bulunduruldu\u011funda Google Ads Video Reklamlar\u0131 yani\u00a0<strong>Youtube Reklamlar\u0131<\/strong>\u00a0\u00e7ok b\u00fcy\u00fck \u00f6nem arz etmektedir.<\/p><h4>Google Ads Mobil Uygulama Reklamlar\u0131<\/h4><p>Google Ads Mobil Uygulama Reklamlar\u0131 ile mobil uygulaman\u0131z\u0131n\u0131 \u00e7ok daha fazla kullan\u0131c\u0131ya ula\u015ft\u0131rabilir ve indirmelerini sa\u011flayabilirsiniz. G\u00fcn\u00fcm\u00fczde mobil internet kullan\u0131m\u0131n\u0131n ne kadar \u00f6nemli oldu\u011funu ve geni\u015f kitleler taraf\u0131ndan kullan\u0131ld\u0131\u011f\u0131n\u0131 g\u00f6rmek ka\u00e7\u0131n\u0131lmazd\u0131r. E-Ticaret gibi aktif kazan\u00e7 sa\u011flayan ve toplum ihtiya\u00e7lar\u0131n\u0131 kar\u015f\u0131layan sitelerde ki trafi\u011fin %50\u2019den fazlas\u0131n\u0131n mobil internet kullan\u0131c\u0131lar\u0131 olu\u015fturmaktad\u0131r. Reklam verenler a\u00e7\u0131s\u0131ndan<strong>\u00a0Google Ads Mobil Uygulama Reklamlar\u0131<\/strong>\u00a0\u00e7ok b\u00fcy\u00fck \u00f6neme sahiptir.<\/p><h4>Google Ads Reklam Y\u00f6netimi<\/h4><p><strong>Google Ads Reklamlar\u0131<\/strong>\u00a0aktif kullan\u0131m\u0131n yan\u0131nda \u00e7ok b\u00fcy\u00fck getiriler sa\u011flamaktad\u0131r. Reklam verenlerin Google reklamlar\u0131 hakk\u0131nda bilgi sahibi olmas\u0131 veya destek almas\u0131 her zaman daha iyi sonu\u00e7lar elde etmekte fayda sa\u011flam\u0131\u015ft\u0131r. B\u00fct\u00e7enin do\u011fru kullan\u0131lmas\u0131 ve d\u00f6n\u00fc\u015flerin analizi ve raporlanmas\u0131 her i\u015fletme taraf\u0131ndan ka\u00e7\u0131n\u0131lmazd\u0131r.<\/p><p>Bizler deneyimli\u00a0<em><strong>Google Ads Uzman\u0131<\/strong><\/em>\u00a0niteli\u011finde sizlere bu konuda destek olmak istiyor ve internet reklamc\u0131l\u0131\u011f\u0131 alan\u0131nda geni\u015f kitlelere ula\u015fman\u0131zda g\u00f6revimizi \u00fcstlenmek istiyoruz. Google Ads Uzman\u0131 \u00f6ncelikle sizin i\u00e7in pazar ve rakip ara\u015ft\u0131rmas\u0131n\u0131 ger\u00e7ekle\u015ftirecek ve yapt\u0131\u011f\u0131 analiz neticesinde avantajl\u0131 y\u00f6nlerinizi \u00f6n plana \u00e7\u0131kartacak do\u011fru kampanya kurgular\u0131n\u0131 haz\u0131rlayacakt\u0131r. Reklamlama s\u00fcreci etkili bir \u015fekilde yap\u0131lacak gerekli i\u015flemler ger\u00e7ekle\u015ftirilecektir.<\/p><p>Google Ads Y\u00f6netimi ile ilgili bizimle\u00a0<strong><a href=\"..\/iletisim\/index.htm\">ileti\u015fim<\/a><\/strong>\u00a0formun \u00fczerinden veya\u00a0<strong>0530 543 03 58<\/strong>\u00a0telefon numaras\u0131 \u00fczerinden ileti\u015fime ge\u00e7ebilirsiniz.<\/p>\t\t\t\t\t\t<\/div>\n\t\t\t\t<\/div>\n\t\t\t\t\t<\/div>\n\t\t<\/div>\n\t\t\t\t\t\t\t<\/div>\n\t\t<\/section>\n\t\t\t\t\t<\/div>\n\t\t<\/div>\n\t\t\t\t\t\t\t<\/div>\n\t\t<\/section>\n\t\t\t\t\t\t\t<\/div>\n\t\t","protected":false},"excerpt":{"rendered":"<p>Google Adwords Reklamlar\u0131 Google\u2019\u0131n internet reklamc\u0131l\u0131\u011f\u0131 hizmeti olan\u00a0Google Ads (AdWords)\u00a0ile \u00fcr\u00fcn ve hizmetlerinizin varl\u0131\u011f\u0131ndan potansiyel m\u00fc\u015fterilerinizin haberdar olmas\u0131n\u0131 sa\u011flayabilirsiniz. Neden Google Ads Reklamlar\u0131? G\u00fcn\u00fcm\u00fczde\u00a0Google Ads (AdWords)\u00a0internet reklamlar\u0131 arac\u0131l\u0131\u011f\u0131yla milyonlarca i\u015fletme ve ki\u015fi \u00fcr\u00fcn ve hizmetlerini geni\u015f kitlelere ula\u015ft\u0131rmakta. Internet kullan\u0131c\u0131lar\u0131 taraf\u0131ndan en \u00e7ok kullan\u0131lan arama motoru \u00f6zelli\u011fine sahip Google \u00fclkemizde de b\u00fcy\u00fck \u00f6nem ve ilgi g\u00f6rmektedir. Bireysel olarak d\u00fc\u015f\u00fcnd\u00fc\u011f\u00fcm\u00fczde bir&#8230;<\/p>\n","protected":false},"author":1,"featured_media":0,"parent":0,"menu_order":0,"comment_status":"closed","ping_status":"closed","template":"elementor_header_footer","meta":{"om_disable_all_campaigns":false,"_monsterinsights_skip_tracking":false,"_monsterinsights_sitenote_active":false,"_monsterinsights_sitenote_note":"","_monsterinsights_sitenote_category":0,"footnotes":""},"class_list":["post-234","page","type-page","status-publish","hentry"],"_links":{"self":[{"href":"https:\/\/mehmetakbulut.net\/index.php\/wp-json\/wp\/v2\/pages\/234"}],"collection":[{"href":"https:\/\/mehmetakbulut.net\/index.php\/wp-json\/wp\/v2\/pages"}],"about":[{"href":"https:\/\/mehmetakbulut.net\/index.php\/wp-json\/wp\/v2\/types\/page"}],"author":[{"embeddable":true,"href":"https:\/\/mehmetakbulut.net\/index.php\/wp-json\/wp\/v2\/users\/1"}],"replies":[{"embeddable":true,"href":"https:\/\/mehmetakbulut.net\/index.php\/wp-json\/wp\/v2\/comments?post=234"}],"version-history":[{"count":5,"href":"https:\/\/mehmetakbulut.net\/index.php\/wp-json\/wp\/v2\/pages\/234\/revisions"}],"predecessor-version":[{"id":545,"href":"https:\/\/mehmetakbulut.net\/index.php\/wp-json\/wp\/v2\/pages\/234\/revisions\/545"}],"wp:attachment":[{"href":"https:\/\/mehmetakbulut.net\/index.php\/wp-json\/wp\/v2\/media?parent=234"}],"curies":[{"name":"wp","href":"https:\/\/api.w.org\/{rel}","templated":true}]}}